{"id":34632,"date":"2025-03-08T17:05:31","date_gmt":"2025-03-08T16:05:31","guid":{"rendered":"https:\/\/eshop.obscene.cz\/?post_type=product&#038;p=34632"},"modified":"2025-03-17T17:06:14","modified_gmt":"2025-03-17T16:06:14","slug":"fck-trmp-fck-ptn-yellow-ts","status":"publish","type":"product","link":"https:\/\/eshop.obscene.cz\/en\/product\/fck-trmp-fck-ptn-yellow-ts\/","title":{"rendered":"FCK TRMP, FCK PTN &#8211; Yellow TS"},"content":{"rendered":"","protected":false},"excerpt":{"rendered":"<p><strong>Charity Merch for Ukraine<\/strong><\/p>\n<p>Our lead graphic designer, Martin, has decided to create a new design in response to recent events, launching another charity campaign in support of Ukraine. All profits from the sale of each T-shirt will go directly to humanitarian aid through the organization \u010clov\u011bk v t\u00edsni (People in Need).<\/p>\n<p>Important! These T-shirts will be printed on demand. The first drop starts now and will be available for 14 days. After that, we will order the shirts, start printing, and ship out your orders. Thank you for helping us make a difference!<\/p>\n<p>&#8220;I had already come to terms with the fact that there wouldn\u2019t be a new design for another anniversary of Ukraine\u2019s invasion. I\u2019ve had two amazing designs in progress for over a year, but due to work commitments, I was never able to finish them. But last week, the war in Ukraine took such an absurd turn that, on the eve of the anniversary of Russia\u2019s aggression, I suddenly sketched out an entirely new concept. My mind was full of dark thoughts, and my fever from a cold made me shiver. But surprisingly, the result wasn\u2019t dark\u2014it turned out to be a rather cheerful illustration. And that gave me such a boost that by morning, except for a few details, the design was finished. The final touches took some extra time as I was recovering, but now it&#8217;s here. My brief response to the incredible level of cynicism, hatred, and lies. I just hope we can get this design on shirts and send some real help to the invaded country.<\/p>\n<p>P.S. But last Friday surpassed everything&#8230; so I might have to draw another design.&#8221;<\/p>\n<p>\u2014 Martin<\/p>\n<p>Artwork: Martin &amp; Pen n Ink Designs<\/p>\n<p>T-shirt: Sols Imperial \u2013 190 g<\/p>\n","protected":false},"featured_media":34757,"comment_status":"closed","ping_status":"closed","template":"","meta":{"_uag_custom_page_level_css":"","site-sidebar-layout":"default","site-content-layout":"default","ast-global-header-display":"","ast-banner-title-visibility":"","ast-main-header-display":"","ast-hfb-above-header-display":"","ast-hfb-below-header-display":"","ast-hfb-mobile-header-display":"","site-post-title":"","ast-breadcrumbs-content":"","ast-featured-img":"","footer-sml-layout":"","theme-transparent-header-meta":"default","adv-header-id-meta":"","stick-header-meta":"","header-above-stick-meta":"","header-main-stick-meta":"","header-below-stick-meta":""},"product_cat":[6648],"product_tag":[],"class_list":["post-34632","product","type-product","status-publish","has-post-thumbnail","hentry","product_cat-charity-merch-en","pa_merch-t-shirt-en","pa_velikost-s-en","pa_velikost-m-en","pa_velikost-l-en","pa_velikost-xl-en","pa_velikost-xxl-en","pa_velikost-3xl-en","pa_velikost-4xl-en","pa_velikost-5xl-en","desktop-align-center","tablet-align-center","mobile-align-center"],"uagb_featured_image_src":{"full":["https:\/\/eshop.obscene.cz\/wp-content\/uploads\/2025\/03\/Yellow-FCK25.jpg",800,800,false],"thumbnail":["https:\/\/eshop.obscene.cz\/wp-content\/uploads\/2025\/03\/Yellow-FCK25-150x150.jpg",150,150,true],"medium":["https:\/\/eshop.obscene.cz\/wp-content\/uploads\/2025\/03\/Yellow-FCK25-300x300.jpg",300,300,true],"medium_large":["https:\/\/eshop.obscene.cz\/wp-content\/uploads\/2025\/03\/Yellow-FCK25-768x768.jpg",768,768,true],"large":["https:\/\/eshop.obscene.cz\/wp-content\/uploads\/2025\/03\/Yellow-FCK25.jpg",800,800,false],"1536x1536":["https:\/\/eshop.obscene.cz\/wp-content\/uploads\/2025\/03\/Yellow-FCK25.jpg",800,800,false],"2048x2048":["https:\/\/eshop.obscene.cz\/wp-content\/uploads\/2025\/03\/Yellow-FCK25.jpg",800,800,false],"woocommerce_thumbnail":["https:\/\/eshop.obscene.cz\/wp-content\/uploads\/2025\/03\/Yellow-FCK25-300x300.jpg",300,300,true],"woocommerce_single":["https:\/\/eshop.obscene.cz\/wp-content\/uploads\/2025\/03\/Yellow-FCK25-600x600.jpg",600,600,true],"woocommerce_gallery_thumbnail":["https:\/\/eshop.obscene.cz\/wp-content\/uploads\/2025\/03\/Yellow-FCK25-100x100.jpg",100,100,true]},"uagb_author_info":{"display_name":"curby","author_link":"https:\/\/eshop.obscene.cz\/en\/author\/"},"uagb_comment_info":0,"uagb_excerpt":"Charity Merch for Ukraine Our lead graphic designer, Martin, has decided to create a new design in response to recent events, launching another charity campaign in support of Ukraine. All profits from the sale of each T-shirt will go directly to humanitarian aid through the organization \u010clov\u011bk v t\u00edsni (People in Need). Important! These T-shirts&hellip;","_links":{"self":[{"href":"https:\/\/eshop.obscene.cz\/en\/wp-json\/wp\/v2\/product\/34632"}],"collection":[{"href":"https:\/\/eshop.obscene.cz\/en\/wp-json\/wp\/v2\/product"}],"about":[{"href":"https:\/\/eshop.obscene.cz\/en\/wp-json\/wp\/v2\/types\/product"}],"replies":[{"embeddable":true,"href":"https:\/\/eshop.obscene.cz\/en\/wp-json\/wp\/v2\/comments?post=34632"}],"wp:featuredmedia":[{"embeddable":true,"href":"https:\/\/eshop.obscene.cz\/en\/wp-json\/wp\/v2\/media\/34757"}],"wp:attachment":[{"href":"https:\/\/eshop.obscene.cz\/en\/wp-json\/wp\/v2\/media?parent=34632"}],"wp:term":[{"taxonomy":"product_cat","embeddable":true,"href":"https:\/\/eshop.obscene.cz\/en\/wp-json\/wp\/v2\/product_cat?post=34632"},{"taxonomy":"product_tag","embeddable":true,"href":"https:\/\/eshop.obscene.cz\/en\/wp-json\/wp\/v2\/product_tag?post=34632"}],"curies":[{"name":"wp","href":"https:\/\/api.w.org\/{rel}","templated":true}]}}