{"id":34248,"date":"2025-01-17T06:34:40","date_gmt":"2025-01-17T05:34:40","guid":{"rendered":"https:\/\/eshop.obscene.cz\/produkt\/ramchat-nepocaria-cd\/"},"modified":"2025-01-17T06:34:40","modified_gmt":"2025-01-17T05:34:40","slug":"ramchat-nepocaria-cd","status":"publish","type":"product","link":"https:\/\/eshop.obscene.cz\/en\/product\/ramchat-nepocaria-cd\/","title":{"rendered":"RAMCHAT &#8211; Nepo\u010daria! CD"},"content":{"rendered":"<div class=\"ast-oembed-container\" style=\"height: 100%;\"><iframe title=\"RAMCHAT - Nepo\u010daria! (2017, Full album)\" width=\"500\" height=\"281\" src=\"https:\/\/www.youtube.com\/embed\/RjYzphq94Fo?feature=oembed\" frameborder=\"0\" allow=\"accelerometer; autoplay; clipboard-write; encrypted-media; gyroscope; picture-in-picture; web-share\" referrerpolicy=\"strict-origin-when-cross-origin\" allowfullscreen><\/iframe><\/div>\n","protected":false},"excerpt":{"rendered":"<p>Another album of RAMCHAT in limited 300 copies edition!!!<\/p>\n<p>Tracklist:<\/p>\n<p>1 Tak si spome\u0148<br \/>\n2 Za \u00fasvitu &#8230;<br \/>\n3 SiloSlabos\u0165<br \/>\n4 Vyslobo\u010f!<br \/>\n5 Postoj chv\u00ed\u013eu (\u017diarislav-Cover)<br \/>\n6 U\u017e nebudeme otroci<br \/>\n7 Veles<br \/>\n8 KrajoZem<br \/>\n9 Nepo\u010daria!<\/p>\n","protected":false},"featured_media":34247,"comment_status":"open","ping_status":"closed","template":"","meta":{"_uag_custom_page_level_css":"","site-sidebar-layout":"default","site-content-layout":"default","ast-global-header-display":"","ast-banner-title-visibility":"","ast-main-header-display":"","ast-hfb-above-header-display":"","ast-hfb-below-header-display":"","ast-hfb-mobile-header-display":"","site-post-title":"","ast-breadcrumbs-content":"","ast-featured-img":"","footer-sml-layout":"","theme-transparent-header-meta":"default","adv-header-id-meta":"","stick-header-meta":"","header-above-stick-meta":"","header-main-stick-meta":"","header-below-stick-meta":""},"product_cat":[76],"product_tag":[],"class_list":["post-34248","product","type-product","status-publish","has-post-thumbnail","hentry","product_cat-cd-en","pa_kapela-ramchat-en","pa_model-cd-en","pa_zanr-experimental-2","desktop-align-center","tablet-align-center","mobile-align-center"],"uagb_featured_image_src":{"full":["https:\/\/eshop.obscene.cz\/wp-content\/uploads\/2025\/01\/amchat-nepocaria-2.jpg",470,473,false],"thumbnail":["https:\/\/eshop.obscene.cz\/wp-content\/uploads\/2025\/01\/amchat-nepocaria-2-150x150.jpg",150,150,true],"medium":["https:\/\/eshop.obscene.cz\/wp-content\/uploads\/2025\/01\/amchat-nepocaria-2-298x300.jpg",298,300,true],"medium_large":["https:\/\/eshop.obscene.cz\/wp-content\/uploads\/2025\/01\/amchat-nepocaria-2.jpg",470,473,false],"large":["https:\/\/eshop.obscene.cz\/wp-content\/uploads\/2025\/01\/amchat-nepocaria-2.jpg",470,473,false],"1536x1536":["https:\/\/eshop.obscene.cz\/wp-content\/uploads\/2025\/01\/amchat-nepocaria-2.jpg",470,473,false],"2048x2048":["https:\/\/eshop.obscene.cz\/wp-content\/uploads\/2025\/01\/amchat-nepocaria-2.jpg",470,473,false],"woocommerce_thumbnail":["https:\/\/eshop.obscene.cz\/wp-content\/uploads\/2025\/01\/amchat-nepocaria-2-300x300.jpg",300,300,true],"woocommerce_single":["https:\/\/eshop.obscene.cz\/wp-content\/uploads\/2025\/01\/amchat-nepocaria-2.jpg",470,473,false],"woocommerce_gallery_thumbnail":["https:\/\/eshop.obscene.cz\/wp-content\/uploads\/2025\/01\/amchat-nepocaria-2-100x100.jpg",100,100,true]},"uagb_author_info":{"display_name":"curby","author_link":"https:\/\/eshop.obscene.cz\/en\/author\/"},"uagb_comment_info":0,"uagb_excerpt":"Another album of RAMCHAT in limited 300 copies edition!!! Tracklist: 1 Tak si spome\u0148 2 Za \u00fasvitu ... 3 SiloSlabos\u0165 4 Vyslobo\u010f! 5 Postoj chv\u00ed\u013eu (\u017diarislav-Cover) 6 U\u017e nebudeme otroci 7 Veles 8 KrajoZem 9 Nepo\u010daria!","_links":{"self":[{"href":"https:\/\/eshop.obscene.cz\/en\/wp-json\/wp\/v2\/product\/34248"}],"collection":[{"href":"https:\/\/eshop.obscene.cz\/en\/wp-json\/wp\/v2\/product"}],"about":[{"href":"https:\/\/eshop.obscene.cz\/en\/wp-json\/wp\/v2\/types\/product"}],"replies":[{"embeddable":true,"href":"https:\/\/eshop.obscene.cz\/en\/wp-json\/wp\/v2\/comments?post=34248"}],"wp:featuredmedia":[{"embeddable":true,"href":"https:\/\/eshop.obscene.cz\/en\/wp-json\/wp\/v2\/media\/34247"}],"wp:attachment":[{"href":"https:\/\/eshop.obscene.cz\/en\/wp-json\/wp\/v2\/media?parent=34248"}],"wp:term":[{"taxonomy":"product_cat","embeddable":true,"href":"https:\/\/eshop.obscene.cz\/en\/wp-json\/wp\/v2\/product_cat?post=34248"},{"taxonomy":"product_tag","embeddable":true,"href":"https:\/\/eshop.obscene.cz\/en\/wp-json\/wp\/v2\/product_tag?post=34248"}],"curies":[{"name":"wp","href":"https:\/\/api.w.org\/{rel}","templated":true}]}}