{"id":34244,"date":"2025-01-17T06:30:26","date_gmt":"2025-01-17T05:30:26","guid":{"rendered":"https:\/\/eshop.obscene.cz\/produkt\/ramchat-bes-karpaty-cd\/"},"modified":"2025-01-17T06:30:26","modified_gmt":"2025-01-17T05:30:26","slug":"ramchat-bes-karpaty-cd","status":"publish","type":"product","link":"https:\/\/eshop.obscene.cz\/en\/product\/ramchat-bes-karpaty-cd\/","title":{"rendered":"RAMCHAT &#8211; Bes Karpaty CD"},"content":{"rendered":"<div class=\"ast-oembed-container\" style=\"height: 100%;\"><iframe title=\"RAMCHAT - &quot;Bes&quot; \/ &quot;Karpaty&quot; (2016, Full album)\" width=\"500\" height=\"281\" src=\"https:\/\/www.youtube.com\/embed\/9KCW8rRFS8g?feature=oembed\" frameborder=\"0\" allow=\"accelerometer; autoplay; clipboard-write; encrypted-media; gyroscope; picture-in-picture; web-share\" referrerpolicy=\"strict-origin-when-cross-origin\" allowfullscreen><\/iframe><\/div>\n","protected":false},"excerpt":{"rendered":"<p>First two mini albums from Slovakian pagan metal band RAMCHAT!!!<\/p>\n<p>Tracklist:<\/p>\n<p>Bes<br \/>\n1 Mor Ho! 5:12<br \/>\n2 Mogdane\u010d 0:54<br \/>\n3 \u00dadolie \u0160ialenstva 4:21<br \/>\n4 Bes 1:29<br \/>\n5 Posledn\u00fd Pohan 5:16<\/p>\n<p>Karpaty<\/p>\n<p>6 Ve\u010dn\u00e9 Jarilo, \u017div N\u00e1s! 3:17<br \/>\n7 \u017dalm 4:36<br \/>\n8 V R\u00ed\u0161i Vlkov 6:16<br \/>\n9 Karpaty 4:38<\/p>\n","protected":false},"featured_media":34243,"comment_status":"open","ping_status":"closed","template":"","meta":{"_uag_custom_page_level_css":"","site-sidebar-layout":"default","site-content-layout":"default","ast-global-header-display":"","ast-banner-title-visibility":"","ast-main-header-display":"","ast-hfb-above-header-display":"","ast-hfb-below-header-display":"","ast-hfb-mobile-header-display":"","site-post-title":"","ast-breadcrumbs-content":"","ast-featured-img":"","footer-sml-layout":"","theme-transparent-header-meta":"default","adv-header-id-meta":"","stick-header-meta":"","header-above-stick-meta":"","header-main-stick-meta":"","header-below-stick-meta":""},"product_cat":[76],"product_tag":[],"class_list":["post-34244","product","type-product","status-publish","has-post-thumbnail","hentry","product_cat-cd-en","pa_kapela-ramchat-en","pa_model-cd-en","pa_zanr-experimental-2","desktop-align-center","tablet-align-center","mobile-align-center"],"uagb_featured_image_src":{"full":["https:\/\/eshop.obscene.cz\/wp-content\/uploads\/2025\/01\/ramchat-bes-karpaty-2.jpg",470,479,false],"thumbnail":["https:\/\/eshop.obscene.cz\/wp-content\/uploads\/2025\/01\/ramchat-bes-karpaty-2-150x150.jpg",150,150,true],"medium":["https:\/\/eshop.obscene.cz\/wp-content\/uploads\/2025\/01\/ramchat-bes-karpaty-2-294x300.jpg",294,300,true],"medium_large":["https:\/\/eshop.obscene.cz\/wp-content\/uploads\/2025\/01\/ramchat-bes-karpaty-2.jpg",470,479,false],"large":["https:\/\/eshop.obscene.cz\/wp-content\/uploads\/2025\/01\/ramchat-bes-karpaty-2.jpg",470,479,false],"1536x1536":["https:\/\/eshop.obscene.cz\/wp-content\/uploads\/2025\/01\/ramchat-bes-karpaty-2.jpg",470,479,false],"2048x2048":["https:\/\/eshop.obscene.cz\/wp-content\/uploads\/2025\/01\/ramchat-bes-karpaty-2.jpg",470,479,false],"woocommerce_thumbnail":["https:\/\/eshop.obscene.cz\/wp-content\/uploads\/2025\/01\/ramchat-bes-karpaty-2-300x300.jpg",300,300,true],"woocommerce_single":["https:\/\/eshop.obscene.cz\/wp-content\/uploads\/2025\/01\/ramchat-bes-karpaty-2.jpg",470,479,false],"woocommerce_gallery_thumbnail":["https:\/\/eshop.obscene.cz\/wp-content\/uploads\/2025\/01\/ramchat-bes-karpaty-2-100x100.jpg",100,100,true]},"uagb_author_info":{"display_name":"curby","author_link":"https:\/\/eshop.obscene.cz\/en\/author\/"},"uagb_comment_info":0,"uagb_excerpt":"First two mini albums from Slovakian pagan metal band RAMCHAT!!! Tracklist: Bes 1 Mor Ho! 5:12 2 Mogdane\u010d 0:54 3 \u00dadolie \u0160ialenstva 4:21 4 Bes 1:29 5 Posledn\u00fd Pohan 5:16 Karpaty 6 Ve\u010dn\u00e9 Jarilo, \u017div N\u00e1s! 3:17 7 \u017dalm 4:36 8 V R\u00ed\u0161i Vlkov 6:16 9 Karpaty 4:38","_links":{"self":[{"href":"https:\/\/eshop.obscene.cz\/en\/wp-json\/wp\/v2\/product\/34244"}],"collection":[{"href":"https:\/\/eshop.obscene.cz\/en\/wp-json\/wp\/v2\/product"}],"about":[{"href":"https:\/\/eshop.obscene.cz\/en\/wp-json\/wp\/v2\/types\/product"}],"replies":[{"embeddable":true,"href":"https:\/\/eshop.obscene.cz\/en\/wp-json\/wp\/v2\/comments?post=34244"}],"wp:featuredmedia":[{"embeddable":true,"href":"https:\/\/eshop.obscene.cz\/en\/wp-json\/wp\/v2\/media\/34243"}],"wp:attachment":[{"href":"https:\/\/eshop.obscene.cz\/en\/wp-json\/wp\/v2\/media?parent=34244"}],"wp:term":[{"taxonomy":"product_cat","embeddable":true,"href":"https:\/\/eshop.obscene.cz\/en\/wp-json\/wp\/v2\/product_cat?post=34244"},{"taxonomy":"product_tag","embeddable":true,"href":"https:\/\/eshop.obscene.cz\/en\/wp-json\/wp\/v2\/product_tag?post=34244"}],"curies":[{"name":"wp","href":"https:\/\/api.w.org\/{rel}","templated":true}]}}