{"id":34019,"date":"2024-09-23T12:01:21","date_gmt":"2024-09-23T10:01:21","guid":{"rendered":"https:\/\/eshop.obscene.cz\/produkt\/gride-vyzobat-cd\/"},"modified":"2024-11-30T03:17:13","modified_gmt":"2024-11-30T02:17:13","slug":"gride-vyzobat-cd","status":"publish","type":"product","link":"https:\/\/eshop.obscene.cz\/en\/product\/gride-vyzobat-cd\/","title":{"rendered":"GRIDE \u2013 Vyzobat CD"},"content":{"rendered":"<div class=\"ast-oembed-container\" style=\"height: 100%;\"><iframe title=\"Gride - Vyzobat\" width=\"500\" height=\"281\" src=\"https:\/\/www.youtube.com\/embed\/06S0ENmAGRc?feature=oembed\" frameborder=\"0\" allow=\"accelerometer; autoplay; clipboard-write; encrypted-media; gyroscope; picture-in-picture; web-share\" referrerpolicy=\"strict-origin-when-cross-origin\" allowfullscreen><\/iframe><\/div>\n","protected":false},"excerpt":{"rendered":"<p>New album of legendary GRIDE!!!<\/p>\n<p>\u010cert \u2013 drums, vocals<br \/>\nDavid \u2013 guitar, vocals<br \/>\nHonza Kap\u00e1k \u2013 bass, back. voc. (Mo\u0159e pokrytc\u016f v kapce pravdy)<\/p>\n<p>Guests:<\/p>\n<p>Drahoslava Satorov\u00e1 \u2013 Piano (Prokofiev)<br \/>\nDavid \u010cert\u00edk \u2013 Clarinet, Bass Clarinet, Baritone sax (Paholaiset, Jistota)<br \/>\nAm\u00e1k \u2013 Theremin (Jistota)<\/p>\n<p>Recorded &amp; Mixed \u2013 Golden Hive Studio: Autumn 2023 \u2013 Winter 2024<\/p>\n","protected":false},"featured_media":34009,"comment_status":"open","ping_status":"closed","template":"","meta":{"_uag_custom_page_level_css":"","site-sidebar-layout":"default","site-content-layout":"default","ast-global-header-display":"","ast-banner-title-visibility":"","ast-main-header-display":"","ast-hfb-above-header-display":"","ast-hfb-below-header-display":"","ast-hfb-mobile-header-display":"","site-post-title":"","ast-breadcrumbs-content":"","ast-featured-img":"","footer-sml-layout":"","theme-transparent-header-meta":"default","adv-header-id-meta":"","stick-header-meta":"","header-above-stick-meta":"","header-main-stick-meta":"","header-below-stick-meta":""},"product_cat":[76],"product_tag":[],"class_list":["post-34019","product","type-product","status-publish","has-post-thumbnail","hentry","product_cat-cd-en","pa_kapela-gride-en","pa_model-cd-en","pa_zanr-grindcore-2","desktop-align-center","tablet-align-center","mobile-align-center"],"uagb_featured_image_src":{"full":["https:\/\/eshop.obscene.cz\/wp-content\/uploads\/2024\/09\/Gride_Vyzobat.jpg",1200,1200,false],"thumbnail":["https:\/\/eshop.obscene.cz\/wp-content\/uploads\/2024\/09\/Gride_Vyzobat-150x150.jpg",150,150,true],"medium":["https:\/\/eshop.obscene.cz\/wp-content\/uploads\/2024\/09\/Gride_Vyzobat-300x300.jpg",300,300,true],"medium_large":["https:\/\/eshop.obscene.cz\/wp-content\/uploads\/2024\/09\/Gride_Vyzobat-768x768.jpg",768,768,true],"large":["https:\/\/eshop.obscene.cz\/wp-content\/uploads\/2024\/09\/Gride_Vyzobat-1024x1024.jpg",1024,1024,true],"1536x1536":["https:\/\/eshop.obscene.cz\/wp-content\/uploads\/2024\/09\/Gride_Vyzobat.jpg",1200,1200,false],"2048x2048":["https:\/\/eshop.obscene.cz\/wp-content\/uploads\/2024\/09\/Gride_Vyzobat.jpg",1200,1200,false],"woocommerce_thumbnail":["https:\/\/eshop.obscene.cz\/wp-content\/uploads\/2024\/09\/Gride_Vyzobat-300x300.jpg",300,300,true],"woocommerce_single":["https:\/\/eshop.obscene.cz\/wp-content\/uploads\/2024\/09\/Gride_Vyzobat-600x600.jpg",600,600,true],"woocommerce_gallery_thumbnail":["https:\/\/eshop.obscene.cz\/wp-content\/uploads\/2024\/09\/Gride_Vyzobat-100x100.jpg",100,100,true]},"uagb_author_info":{"display_name":"curby","author_link":"https:\/\/eshop.obscene.cz\/en\/author\/"},"uagb_comment_info":0,"uagb_excerpt":"New album of legendary GRIDE!!! \u010cert \u2013 drums, vocals David \u2013 guitar, vocals Honza Kap\u00e1k \u2013 bass, back. voc. (Mo\u0159e pokrytc\u016f v kapce pravdy) Guests: Drahoslava Satorov\u00e1 \u2013 Piano (Prokofiev) David \u010cert\u00edk \u2013 Clarinet, Bass Clarinet, Baritone sax (Paholaiset, Jistota) Am\u00e1k \u2013 Theremin (Jistota) Recorded &amp; Mixed \u2013 Golden Hive Studio: Autumn 2023 \u2013 Winter&hellip;","_links":{"self":[{"href":"https:\/\/eshop.obscene.cz\/en\/wp-json\/wp\/v2\/product\/34019"}],"collection":[{"href":"https:\/\/eshop.obscene.cz\/en\/wp-json\/wp\/v2\/product"}],"about":[{"href":"https:\/\/eshop.obscene.cz\/en\/wp-json\/wp\/v2\/types\/product"}],"replies":[{"embeddable":true,"href":"https:\/\/eshop.obscene.cz\/en\/wp-json\/wp\/v2\/comments?post=34019"}],"wp:featuredmedia":[{"embeddable":true,"href":"https:\/\/eshop.obscene.cz\/en\/wp-json\/wp\/v2\/media\/34009"}],"wp:attachment":[{"href":"https:\/\/eshop.obscene.cz\/en\/wp-json\/wp\/v2\/media?parent=34019"}],"wp:term":[{"taxonomy":"product_cat","embeddable":true,"href":"https:\/\/eshop.obscene.cz\/en\/wp-json\/wp\/v2\/product_cat?post=34019"},{"taxonomy":"product_tag","embeddable":true,"href":"https:\/\/eshop.obscene.cz\/en\/wp-json\/wp\/v2\/product_tag?post=34019"}],"curies":[{"name":"wp","href":"https:\/\/api.w.org\/{rel}","templated":true}]}}