{"id":31262,"date":"2023-10-03T16:15:25","date_gmt":"2023-10-03T14:15:25","guid":{"rendered":"https:\/\/eshop.obscene.cz\/produkt\/fredag-den-13e-manskliga-granstillstand-lp\/"},"modified":"2023-11-30T16:06:28","modified_gmt":"2023-11-30T15:06:28","slug":"fredag-den-13e-manskliga-granstillstand-lp","status":"publish","type":"product","link":"https:\/\/eshop.obscene.cz\/en\/product\/fredag-den-13e-manskliga-granstillstand-lp\/","title":{"rendered":"FREDAG DEN 13:E &#8211; M\u00e4nskliga Gr\u00e4nstillst\u00e5nd LP"},"content":{"rendered":"<div class=\"ast-oembed-container\" style=\"height: 100%;\"><iframe title=\"En s\u00f6mn utan slut\" width=\"500\" height=\"375\" src=\"https:\/\/www.youtube.com\/embed\/ZTTHvl4BkSs?feature=oembed\" frameborder=\"0\" allow=\"accelerometer; autoplay; clipboard-write; encrypted-media; gyroscope; picture-in-picture; web-share\" referrerpolicy=\"strict-origin-when-cross-origin\" allowfullscreen><\/iframe><\/div>\n","protected":false},"excerpt":{"rendered":"<p>The Scandicrust institution known as Fredag Den 13:e was formed in Gothenburg\/Sweden back in 2006. The five guys had met through local punk shows and decided to combine the raw power of Swedish punk acts like Anti Cimex and Mob47 with the rock \u2018n roll feel of Poison Idea and Mot\u00f6rhead. After the first 7\u201d was released in 2007 the band have to this day released four full length albums \u2013 \u2019Under Iskalla Fanor\u2019 (2010), \u2019Tjugohundratretton\u2019 (2013) and \u2019Domedagar\u2019 (2015) and \u2019Dystopisk Utsikt\u2019 (2018).<\/p>\n<p>Their new album M\u00e4nskliga Gr\u00e4nstillst\u00e5nd (translated Human Limit States) contains 12 fierce tracks in the same style as their previous albums \u2013 the mix of riffs hailing from the last 30 years of rock music. In the opening track \u201cEn S\u00f6mn Utan Slut\u201d (A Sleep Without End) you will hear fragments of the Gothenburg death sound made famous by At The Gates, followed by raging d-beat in \u2019V\u00e5ldsmonopol\u2032 (Monopoly Of Violence). The rock \u2018n roll-feel of Poison Idea hits the listener in \u201cD\u00f6dens Aveny\u201d (Death\u2019s Avenue) and the HC-breakdowns are lined up in \u201cF\u00f6rlorade \u00c5r\u201d (Lost Years). You will also hear fragments of Scandinavian black metal in riffs like \u201cDu Lever En L\u00f6gn\u201d (You\u2019re Living A Lie) and \u201dTyst V\u00e5r\u201d (Silent Spring). Lead singer G explains the idea behind the lyrics on the album: \u201cOn our last album, Dystopisk Utsikt, most of the lyrics involved the disgust towards religion, fascism and oppression that rose all over the world during the last decade. When entering 2020 the world was hit by a plague that put humanity in a state of lockdown and that became the foundation for the lyrics on the new album. The title M\u00e4nskliga Gr\u00e4nstillst\u00e5nd has its origin in the way we look at psychological isolation and the concept of madness \u2013 what is normal and what is not?\u201d<\/p>\n","protected":false},"featured_media":31260,"comment_status":"open","ping_status":"closed","template":"","meta":{"_uag_custom_page_level_css":"","site-sidebar-layout":"default","site-content-layout":"default","ast-global-header-display":"","ast-banner-title-visibility":"","ast-main-header-display":"","ast-hfb-above-header-display":"","ast-hfb-below-header-display":"","ast-hfb-mobile-header-display":"","site-post-title":"","ast-breadcrumbs-content":"","ast-featured-img":"","footer-sml-layout":"","theme-transparent-header-meta":"default","adv-header-id-meta":"","stick-header-meta":"","header-above-stick-meta":"","header-main-stick-meta":"","header-below-stick-meta":""},"product_cat":[78],"product_tag":[],"class_list":["post-31262","product","type-product","status-publish","has-post-thumbnail","hentry","product_cat-vinyl-lp-en","pa_kapela-fredag-den-13e-en","pa_model-lp-en","pa_zanr-crust-2","desktop-align-center","tablet-align-center","mobile-align-center"],"uagb_featured_image_src":{"full":["https:\/\/eshop.obscene.cz\/wp-content\/uploads\/2023\/10\/Fredag-Den-13-e_man.jpg",1200,1200,false],"thumbnail":["https:\/\/eshop.obscene.cz\/wp-content\/uploads\/2023\/10\/Fredag-Den-13-e_man-150x150.jpg",150,150,true],"medium":["https:\/\/eshop.obscene.cz\/wp-content\/uploads\/2023\/10\/Fredag-Den-13-e_man-300x300.jpg",300,300,true],"medium_large":["https:\/\/eshop.obscene.cz\/wp-content\/uploads\/2023\/10\/Fredag-Den-13-e_man-768x768.jpg",768,768,true],"large":["https:\/\/eshop.obscene.cz\/wp-content\/uploads\/2023\/10\/Fredag-Den-13-e_man-1024x1024.jpg",1024,1024,true],"1536x1536":["https:\/\/eshop.obscene.cz\/wp-content\/uploads\/2023\/10\/Fredag-Den-13-e_man.jpg",1200,1200,false],"2048x2048":["https:\/\/eshop.obscene.cz\/wp-content\/uploads\/2023\/10\/Fredag-Den-13-e_man.jpg",1200,1200,false],"woocommerce_thumbnail":["https:\/\/eshop.obscene.cz\/wp-content\/uploads\/2023\/10\/Fredag-Den-13-e_man-300x300.jpg",300,300,true],"woocommerce_single":["https:\/\/eshop.obscene.cz\/wp-content\/uploads\/2023\/10\/Fredag-Den-13-e_man-600x600.jpg",600,600,true],"woocommerce_gallery_thumbnail":["https:\/\/eshop.obscene.cz\/wp-content\/uploads\/2023\/10\/Fredag-Den-13-e_man-100x100.jpg",100,100,true]},"uagb_author_info":{"display_name":"curby","author_link":"https:\/\/eshop.obscene.cz\/en\/author\/"},"uagb_comment_info":0,"uagb_excerpt":"The Scandicrust institution known as Fredag Den 13:e was formed in Gothenburg\/Sweden back in 2006. The five guys had met through local punk shows and decided to combine the raw power of Swedish punk acts like Anti Cimex and Mob47 with the rock \u2018n roll feel of Poison Idea and Mot\u00f6rhead. After the first 7\u201d&hellip;","_links":{"self":[{"href":"https:\/\/eshop.obscene.cz\/en\/wp-json\/wp\/v2\/product\/31262"}],"collection":[{"href":"https:\/\/eshop.obscene.cz\/en\/wp-json\/wp\/v2\/product"}],"about":[{"href":"https:\/\/eshop.obscene.cz\/en\/wp-json\/wp\/v2\/types\/product"}],"replies":[{"embeddable":true,"href":"https:\/\/eshop.obscene.cz\/en\/wp-json\/wp\/v2\/comments?post=31262"}],"wp:featuredmedia":[{"embeddable":true,"href":"https:\/\/eshop.obscene.cz\/en\/wp-json\/wp\/v2\/media\/31260"}],"wp:attachment":[{"href":"https:\/\/eshop.obscene.cz\/en\/wp-json\/wp\/v2\/media?parent=31262"}],"wp:term":[{"taxonomy":"product_cat","embeddable":true,"href":"https:\/\/eshop.obscene.cz\/en\/wp-json\/wp\/v2\/product_cat?post=31262"},{"taxonomy":"product_tag","embeddable":true,"href":"https:\/\/eshop.obscene.cz\/en\/wp-json\/wp\/v2\/product_tag?post=31262"}],"curies":[{"name":"wp","href":"https:\/\/api.w.org\/{rel}","templated":true}]}}