{"id":30719,"date":"2023-08-29T14:37:07","date_gmt":"2023-08-29T12:37:07","guid":{"rendered":"https:\/\/eshop.obscene.cz\/produkt\/hadi-mord-smutecni-slavnost-cd\/"},"modified":"2023-09-05T14:23:38","modified_gmt":"2023-09-05T12:23:38","slug":"hadi-mord-smutecni-slavnost-cd","status":"publish","type":"product","link":"https:\/\/eshop.obscene.cz\/en\/product\/hadi-mord-smutecni-slavnost-cd\/","title":{"rendered":"HAD\u00cd MORD &#8211; Smute\u010dn\u00ed Slavnost CD"},"content":{"rendered":"<div class=\"ast-oembed-container\" style=\"height: 100%;\"><iframe title=\"Smute\u010dn\u00ed Slavnost\" width=\"500\" height=\"375\" src=\"https:\/\/www.youtube.com\/embed\/8v495eY7Tcw?feature=oembed\" frameborder=\"0\" allow=\"accelerometer; autoplay; clipboard-write; encrypted-media; gyroscope; picture-in-picture; web-share\" referrerpolicy=\"strict-origin-when-cross-origin\" allowfullscreen><\/iframe><\/div>\n","protected":false},"excerpt":{"rendered":"<p>&#8220;Had\u00ed mord&#8221; was created in 2018 and &#8220;Smute\u010dn\u00ed Slavnost&#8221; is a debut recording, that is inspired by Czech vault films from the sixties. Its ranks include members of the bands Pigsty, Kandar, High Purity or even Sla\u0165. Cinematic old school death metal with dark atmosphere is ready to assault your ear canals!!!<\/p>\n","protected":false},"featured_media":30717,"comment_status":"open","ping_status":"closed","template":"","meta":{"_uag_custom_page_level_css":"","site-sidebar-layout":"default","site-content-layout":"default","ast-global-header-display":"","ast-banner-title-visibility":"","ast-main-header-display":"","ast-hfb-above-header-display":"","ast-hfb-below-header-display":"","ast-hfb-mobile-header-display":"","site-post-title":"","ast-breadcrumbs-content":"","ast-featured-img":"","footer-sml-layout":"","theme-transparent-header-meta":"default","adv-header-id-meta":"","stick-header-meta":"","header-above-stick-meta":"","header-main-stick-meta":"","header-below-stick-meta":""},"product_cat":[76],"product_tag":[],"class_list":["post-30719","product","type-product","status-publish","has-post-thumbnail","hentry","product_cat-cd-en","pa_kapela-hadi-mord-en","pa_model-cd-en","pa_zanr-death-metal-2","desktop-align-center","tablet-align-center","mobile-align-center"],"uagb_featured_image_src":{"full":["https:\/\/eshop.obscene.cz\/wp-content\/uploads\/2023\/08\/Hadi-Mord_Smutecni.jpg",1200,1001,false],"thumbnail":["https:\/\/eshop.obscene.cz\/wp-content\/uploads\/2023\/08\/Hadi-Mord_Smutecni-150x150.jpg",150,150,true],"medium":["https:\/\/eshop.obscene.cz\/wp-content\/uploads\/2023\/08\/Hadi-Mord_Smutecni-300x250.jpg",300,250,true],"medium_large":["https:\/\/eshop.obscene.cz\/wp-content\/uploads\/2023\/08\/Hadi-Mord_Smutecni-768x641.jpg",768,641,true],"large":["https:\/\/eshop.obscene.cz\/wp-content\/uploads\/2023\/08\/Hadi-Mord_Smutecni-1024x854.jpg",1024,854,true],"1536x1536":["https:\/\/eshop.obscene.cz\/wp-content\/uploads\/2023\/08\/Hadi-Mord_Smutecni.jpg",1200,1001,false],"2048x2048":["https:\/\/eshop.obscene.cz\/wp-content\/uploads\/2023\/08\/Hadi-Mord_Smutecni.jpg",1200,1001,false],"woocommerce_thumbnail":["https:\/\/eshop.obscene.cz\/wp-content\/uploads\/2023\/08\/Hadi-Mord_Smutecni-300x300.jpg",300,300,true],"woocommerce_single":["https:\/\/eshop.obscene.cz\/wp-content\/uploads\/2023\/08\/Hadi-Mord_Smutecni-600x501.jpg",600,501,true],"woocommerce_gallery_thumbnail":["https:\/\/eshop.obscene.cz\/wp-content\/uploads\/2023\/08\/Hadi-Mord_Smutecni-100x100.jpg",100,100,true]},"uagb_author_info":{"display_name":"curby","author_link":"https:\/\/eshop.obscene.cz\/en\/author\/"},"uagb_comment_info":0,"uagb_excerpt":"\"Had\u00ed mord\" was created in 2018 and \"Smute\u010dn\u00ed Slavnost\" is a debut recording, that is inspired by Czech vault films from the sixties. Its ranks include members of the bands Pigsty, Kandar, High Purity or even Sla\u0165. Cinematic old school death metal with dark atmosphere is ready to assault your ear canals!!!","_links":{"self":[{"href":"https:\/\/eshop.obscene.cz\/en\/wp-json\/wp\/v2\/product\/30719"}],"collection":[{"href":"https:\/\/eshop.obscene.cz\/en\/wp-json\/wp\/v2\/product"}],"about":[{"href":"https:\/\/eshop.obscene.cz\/en\/wp-json\/wp\/v2\/types\/product"}],"replies":[{"embeddable":true,"href":"https:\/\/eshop.obscene.cz\/en\/wp-json\/wp\/v2\/comments?post=30719"}],"wp:featuredmedia":[{"embeddable":true,"href":"https:\/\/eshop.obscene.cz\/en\/wp-json\/wp\/v2\/media\/30717"}],"wp:attachment":[{"href":"https:\/\/eshop.obscene.cz\/en\/wp-json\/wp\/v2\/media?parent=30719"}],"wp:term":[{"taxonomy":"product_cat","embeddable":true,"href":"https:\/\/eshop.obscene.cz\/en\/wp-json\/wp\/v2\/product_cat?post=30719"},{"taxonomy":"product_tag","embeddable":true,"href":"https:\/\/eshop.obscene.cz\/en\/wp-json\/wp\/v2\/product_tag?post=30719"}],"curies":[{"name":"wp","href":"https:\/\/api.w.org\/{rel}","templated":true}]}}