{"id":24218,"date":"2022-09-06T15:10:00","date_gmt":"2022-09-06T13:10:00","guid":{"rendered":"https:\/\/o.vasdemoweb.cz\/produkt\/dead-chasm-dead-chasm-cd\/"},"modified":"2023-05-09T22:40:44","modified_gmt":"2023-05-09T20:40:44","slug":"dead-chasm-dead-chasm-cd","status":"publish","type":"product","link":"https:\/\/eshop.obscene.cz\/en\/product\/dead-chasm-dead-chasm-cd\/","title":{"rendered":"DEAD CHASM &#8211; Dead Chasm CD"},"content":{"rendered":"<p><iframe width=\"560\" height=\"315\" src=\"https:\/\/www.youtube.com\/embed\/Ketv_pftvPY\" title=\"YouTube video player\"><\/iframe><\/p>\n","protected":false},"excerpt":{"rendered":"<p>Were excited to announce North-Italian Death\/Doom trio DEAD CHASM are now a part of the FDA Records label roster. The band was formed back in 2020 by Lorenza (guitar\/vokillz), Gigi (bass) and Dave (drums) to create some morbid and putrefied tunes. Early 2021 they entered the ADSR DECIBEL studio and recorded 4 catchy, ear-crawling rotten songs, including \u201eSlumber\u201c a cover version by old Swedish veterans NIRVANA 2002. Highly recommended for fans of KRYPTS, CRUCIAMENTUM etc.<\/p>\n<p>Responsible for the artwork is the Spanish artist C\u00e9sar Valladares Fern\u00e1ndez (Krisiun, Nominon, Necropsy, Decapitated Christ).<\/p>\n<p>Track listing:<br >01. Carved Into Obscurity 5:25<br >02. Spawned In Desolation 5:54<br >03. Left Unknown 4:15<br >04. Slumber (Nirvana 2002 cover) 4:07<\/p>\n<p>Italsk\u00e9 t\u011b\u017ekoton\u00e1\u017en\u00ed death\/doom trio DEAD CHASM je dal\u0161\u00ed nov\u00e1 kapely u FDA records!!! M\u00e1te r\u00e1di KRYPTS nebo CRUCIAMENTUM? Tak zkuste DEAD CHASM!!! Za obal je zodpov\u011bdn\u00fd C\u00e9sar Valladares Fern\u00e1ndez (Krisiun, Nominon, Necropsy, Decapitated Christ).<\/p>\n<p>&#8216;<\/p>\n","protected":false},"featured_media":18067,"comment_status":"closed","ping_status":"open","template":"","meta":{"_uag_custom_page_level_css":"","site-sidebar-layout":"default","site-content-layout":"default","ast-global-header-display":"","ast-banner-title-visibility":"","ast-main-header-display":"","ast-hfb-above-header-display":"","ast-hfb-below-header-display":"","ast-hfb-mobile-header-display":"","site-post-title":"","ast-breadcrumbs-content":"","ast-featured-img":"","footer-sml-layout":"","theme-transparent-header-meta":"","adv-header-id-meta":"","stick-header-meta":"","header-above-stick-meta":"","header-main-stick-meta":"","header-below-stick-meta":""},"product_cat":[76],"product_tag":[],"class_list":["post-24218","product","type-product","status-publish","has-post-thumbnail","hentry","product_cat-cd-en","pa_kapela-dead-chasm-en","pa_model-mini-cd-en","pa_zanr-doom-2","desktop-align-center","tablet-align-center","mobile-align-center"],"uagb_featured_image_src":{"full":["https:\/\/eshop.obscene.cz\/wp-content\/uploads\/2022\/09\/eshop_zbozi_77063.jpg",1200,1200,false],"thumbnail":["https:\/\/eshop.obscene.cz\/wp-content\/uploads\/2022\/09\/eshop_zbozi_77063-150x150.jpg",150,150,true],"medium":["https:\/\/eshop.obscene.cz\/wp-content\/uploads\/2022\/09\/eshop_zbozi_77063-300x300.jpg",300,300,true],"medium_large":["https:\/\/eshop.obscene.cz\/wp-content\/uploads\/2022\/09\/eshop_zbozi_77063-768x768.jpg",768,768,true],"large":["https:\/\/eshop.obscene.cz\/wp-content\/uploads\/2022\/09\/eshop_zbozi_77063-1024x1024.jpg",1024,1024,true],"1536x1536":["https:\/\/eshop.obscene.cz\/wp-content\/uploads\/2022\/09\/eshop_zbozi_77063.jpg",1200,1200,false],"2048x2048":["https:\/\/eshop.obscene.cz\/wp-content\/uploads\/2022\/09\/eshop_zbozi_77063.jpg",1200,1200,false],"woocommerce_thumbnail":["https:\/\/eshop.obscene.cz\/wp-content\/uploads\/2022\/09\/eshop_zbozi_77063-300x300.jpg",300,300,true],"woocommerce_single":["https:\/\/eshop.obscene.cz\/wp-content\/uploads\/2022\/09\/eshop_zbozi_77063-600x600.jpg",600,600,true],"woocommerce_gallery_thumbnail":["https:\/\/eshop.obscene.cz\/wp-content\/uploads\/2022\/09\/eshop_zbozi_77063-100x100.jpg",100,100,true]},"uagb_author_info":{"display_name":"bsroot","author_link":"https:\/\/eshop.obscene.cz\/en\/author\/"},"uagb_comment_info":0,"uagb_excerpt":"Were excited to announce North-Italian Death\/Doom trio DEAD CHASM are now a part of the FDA Records label roster. The band was formed back in 2020 by Lorenza (guitar\/vokillz), Gigi (bass) and Dave (drums) to create some morbid and putrefied tunes. Early 2021 they entered the ADSR DECIBEL studio and recorded 4 catchy, ear-crawling rotten&hellip;","_links":{"self":[{"href":"https:\/\/eshop.obscene.cz\/en\/wp-json\/wp\/v2\/product\/24218"}],"collection":[{"href":"https:\/\/eshop.obscene.cz\/en\/wp-json\/wp\/v2\/product"}],"about":[{"href":"https:\/\/eshop.obscene.cz\/en\/wp-json\/wp\/v2\/types\/product"}],"replies":[{"embeddable":true,"href":"https:\/\/eshop.obscene.cz\/en\/wp-json\/wp\/v2\/comments?post=24218"}],"wp:featuredmedia":[{"embeddable":true,"href":"https:\/\/eshop.obscene.cz\/en\/wp-json\/wp\/v2\/media\/18067"}],"wp:attachment":[{"href":"https:\/\/eshop.obscene.cz\/en\/wp-json\/wp\/v2\/media?parent=24218"}],"wp:term":[{"taxonomy":"product_cat","embeddable":true,"href":"https:\/\/eshop.obscene.cz\/en\/wp-json\/wp\/v2\/product_cat?post=24218"},{"taxonomy":"product_tag","embeddable":true,"href":"https:\/\/eshop.obscene.cz\/en\/wp-json\/wp\/v2\/product_tag?post=24218"}],"curies":[{"name":"wp","href":"https:\/\/api.w.org\/{rel}","templated":true}]}}