{"id":24035,"date":"2020-10-11T11:46:00","date_gmt":"2020-10-11T09:46:00","guid":{"rendered":"https:\/\/o.vasdemoweb.cz\/produkt\/gride-hluboka-temna-modr-cd\/"},"modified":"2023-05-09T22:38:31","modified_gmt":"2023-05-09T20:38:31","slug":"gride-hluboka-temna-modr-cd","status":"publish","type":"product","link":"https:\/\/eshop.obscene.cz\/en\/product\/gride-hluboka-temna-modr-cd\/","title":{"rendered":"GRIDE &#8211; Hlubok\u00e1 Temn\u00e1 Mod\u0159 CD"},"content":{"rendered":"<p><iframe width=\"560\" height=\"315\" src=\"https:\/\/www.youtube.com\/embed\/BKsE9DmXVdM\" title=\"YouTube video player\"><\/iframe><\/p>\n","protected":false},"excerpt":{"rendered":"<p>From the neutral zone of deep dark blue comes the call of the wilderness. The final recording of a years-long group of South Bohemian tamers of harmony GRIDE is currently being released on CD via L\u2019inphantile Collective. In 29 minutes, 18 songs of a neural burst of energy erupt from the wound of silence caused by a borrowed old razor into the sickening world. In addition to Hlubok\u00e1 Temn\u00e1 Mod\u0159 , this release brings for the first time the material from splits with Sidetracked and Thema 11. Music is again faster than death and harder than life of a janitor. Hardcore merging with grindcore and smelling like a bed of overbred orchids.<\/p>\n","protected":false},"featured_media":17452,"comment_status":"closed","ping_status":"open","template":"","meta":{"_uag_custom_page_level_css":"","site-sidebar-layout":"default","site-content-layout":"default","ast-global-header-display":"","ast-banner-title-visibility":"","ast-main-header-display":"","ast-hfb-above-header-display":"","ast-hfb-below-header-display":"","ast-hfb-mobile-header-display":"","site-post-title":"","ast-breadcrumbs-content":"","ast-featured-img":"","footer-sml-layout":"","theme-transparent-header-meta":"","adv-header-id-meta":"","stick-header-meta":"","header-above-stick-meta":"","header-main-stick-meta":"","header-below-stick-meta":""},"product_cat":[76],"product_tag":[],"class_list":["post-24035","product","type-product","status-publish","has-post-thumbnail","hentry","product_cat-cd-en","pa_kapela-gride-en","pa_model-cd-en","pa_zanr-grindcore-2","desktop-align-center","tablet-align-center","mobile-align-center"],"uagb_featured_image_src":{"full":["https:\/\/eshop.obscene.cz\/wp-content\/uploads\/2020\/10\/eshop_zbozi_76848.jpg",1200,1200,false],"thumbnail":["https:\/\/eshop.obscene.cz\/wp-content\/uploads\/2020\/10\/eshop_zbozi_76848-150x150.jpg",150,150,true],"medium":["https:\/\/eshop.obscene.cz\/wp-content\/uploads\/2020\/10\/eshop_zbozi_76848-300x300.jpg",300,300,true],"medium_large":["https:\/\/eshop.obscene.cz\/wp-content\/uploads\/2020\/10\/eshop_zbozi_76848-768x768.jpg",768,768,true],"large":["https:\/\/eshop.obscene.cz\/wp-content\/uploads\/2020\/10\/eshop_zbozi_76848-1024x1024.jpg",1024,1024,true],"1536x1536":["https:\/\/eshop.obscene.cz\/wp-content\/uploads\/2020\/10\/eshop_zbozi_76848.jpg",1200,1200,false],"2048x2048":["https:\/\/eshop.obscene.cz\/wp-content\/uploads\/2020\/10\/eshop_zbozi_76848.jpg",1200,1200,false],"woocommerce_thumbnail":["https:\/\/eshop.obscene.cz\/wp-content\/uploads\/2020\/10\/eshop_zbozi_76848-300x300.jpg",300,300,true],"woocommerce_single":["https:\/\/eshop.obscene.cz\/wp-content\/uploads\/2020\/10\/eshop_zbozi_76848-600x600.jpg",600,600,true],"woocommerce_gallery_thumbnail":["https:\/\/eshop.obscene.cz\/wp-content\/uploads\/2020\/10\/eshop_zbozi_76848-100x100.jpg",100,100,true]},"uagb_author_info":{"display_name":"bsroot","author_link":"https:\/\/eshop.obscene.cz\/en\/author\/"},"uagb_comment_info":0,"uagb_excerpt":"From the neutral zone of deep dark blue comes the call of the wilderness. The final recording of a years-long group of South Bohemian tamers of harmony GRIDE is currently being released on CD via L\u2019inphantile Collective. In 29 minutes, 18 songs of a neural burst of energy erupt from the wound of silence caused&hellip;","_links":{"self":[{"href":"https:\/\/eshop.obscene.cz\/en\/wp-json\/wp\/v2\/product\/24035"}],"collection":[{"href":"https:\/\/eshop.obscene.cz\/en\/wp-json\/wp\/v2\/product"}],"about":[{"href":"https:\/\/eshop.obscene.cz\/en\/wp-json\/wp\/v2\/types\/product"}],"replies":[{"embeddable":true,"href":"https:\/\/eshop.obscene.cz\/en\/wp-json\/wp\/v2\/comments?post=24035"}],"wp:featuredmedia":[{"embeddable":true,"href":"https:\/\/eshop.obscene.cz\/en\/wp-json\/wp\/v2\/media\/17452"}],"wp:attachment":[{"href":"https:\/\/eshop.obscene.cz\/en\/wp-json\/wp\/v2\/media?parent=24035"}],"wp:term":[{"taxonomy":"product_cat","embeddable":true,"href":"https:\/\/eshop.obscene.cz\/en\/wp-json\/wp\/v2\/product_cat?post=24035"},{"taxonomy":"product_tag","embeddable":true,"href":"https:\/\/eshop.obscene.cz\/en\/wp-json\/wp\/v2\/product_tag?post=24035"}],"curies":[{"name":"wp","href":"https:\/\/api.w.org\/{rel}","templated":true}]}}