{"id":23928,"date":"2020-10-06T11:59:00","date_gmt":"2020-10-06T09:59:00","guid":{"rendered":"https:\/\/o.vasdemoweb.cz\/produkt\/parat-cislo-14\/"},"modified":"2023-05-09T22:37:14","modified_gmt":"2023-05-09T20:37:14","slug":"parat-cislo-14","status":"publish","type":"product","link":"https:\/\/eshop.obscene.cz\/en\/product\/parat-cislo-14\/","title":{"rendered":"PA\u0158\u00c1T \u010d\u00edslo 14"},"content":{"rendered":"","protected":false},"excerpt":{"rendered":"<p>Czech metal magazine.<\/p>\n","protected":false},"featured_media":17131,"comment_status":"closed","ping_status":"open","template":"","meta":{"_uag_custom_page_level_css":"","site-sidebar-layout":"default","site-content-layout":"default","ast-global-header-display":"","ast-banner-title-visibility":"","ast-main-header-display":"","ast-hfb-above-header-display":"","ast-hfb-below-header-display":"","ast-hfb-mobile-header-display":"","site-post-title":"","ast-breadcrumbs-content":"","ast-featured-img":"","footer-sml-layout":"","theme-transparent-header-meta":"","adv-header-id-meta":"","stick-header-meta":"","header-above-stick-meta":"","header-main-stick-meta":"","header-below-stick-meta":""},"product_cat":[83],"product_tag":[],"class_list":["post-23928","product","type-product","status-publish","has-post-thumbnail","hentry","product_cat-magazines","pa_model-casopis-en","pa_zanr-grindcore-2","desktop-align-center","tablet-align-center","mobile-align-center"],"uagb_featured_image_src":{"full":["https:\/\/eshop.obscene.cz\/wp-content\/uploads\/2020\/10\/eshop_zbozi_76737.jpg",260,367,false],"thumbnail":["https:\/\/eshop.obscene.cz\/wp-content\/uploads\/2020\/10\/eshop_zbozi_76737-150x150.jpg",150,150,true],"medium":["https:\/\/eshop.obscene.cz\/wp-content\/uploads\/2020\/10\/eshop_zbozi_76737-213x300.jpg",213,300,true],"medium_large":["https:\/\/eshop.obscene.cz\/wp-content\/uploads\/2020\/10\/eshop_zbozi_76737.jpg",260,367,false],"large":["https:\/\/eshop.obscene.cz\/wp-content\/uploads\/2020\/10\/eshop_zbozi_76737.jpg",260,367,false],"1536x1536":["https:\/\/eshop.obscene.cz\/wp-content\/uploads\/2020\/10\/eshop_zbozi_76737.jpg",260,367,false],"2048x2048":["https:\/\/eshop.obscene.cz\/wp-content\/uploads\/2020\/10\/eshop_zbozi_76737.jpg",260,367,false],"woocommerce_thumbnail":["https:\/\/eshop.obscene.cz\/wp-content\/uploads\/2020\/10\/eshop_zbozi_76737-260x300.jpg",260,300,true],"woocommerce_single":["https:\/\/eshop.obscene.cz\/wp-content\/uploads\/2020\/10\/eshop_zbozi_76737.jpg",260,367,false],"woocommerce_gallery_thumbnail":["https:\/\/eshop.obscene.cz\/wp-content\/uploads\/2020\/10\/eshop_zbozi_76737-100x100.jpg",100,100,true]},"uagb_author_info":{"display_name":"bsroot","author_link":"https:\/\/eshop.obscene.cz\/en\/author\/"},"uagb_comment_info":0,"uagb_excerpt":"Czech metal magazine.","_links":{"self":[{"href":"https:\/\/eshop.obscene.cz\/en\/wp-json\/wp\/v2\/product\/23928"}],"collection":[{"href":"https:\/\/eshop.obscene.cz\/en\/wp-json\/wp\/v2\/product"}],"about":[{"href":"https:\/\/eshop.obscene.cz\/en\/wp-json\/wp\/v2\/types\/product"}],"replies":[{"embeddable":true,"href":"https:\/\/eshop.obscene.cz\/en\/wp-json\/wp\/v2\/comments?post=23928"}],"wp:featuredmedia":[{"embeddable":true,"href":"https:\/\/eshop.obscene.cz\/en\/wp-json\/wp\/v2\/media\/17131"}],"wp:attachment":[{"href":"https:\/\/eshop.obscene.cz\/en\/wp-json\/wp\/v2\/media?parent=23928"}],"wp:term":[{"taxonomy":"product_cat","embeddable":true,"href":"https:\/\/eshop.obscene.cz\/en\/wp-json\/wp\/v2\/product_cat?post=23928"},{"taxonomy":"product_tag","embeddable":true,"href":"https:\/\/eshop.obscene.cz\/en\/wp-json\/wp\/v2\/product_tag?post=23928"}],"curies":[{"name":"wp","href":"https:\/\/api.w.org\/{rel}","templated":true}]}}