{"id":22392,"date":"2018-10-16T19:05:00","date_gmt":"2018-10-16T17:05:00","guid":{"rendered":"https:\/\/o.vasdemoweb.cz\/produkt\/weak-aside-forward-into-darkness-cd\/"},"modified":"2024-03-14T08:07:07","modified_gmt":"2024-03-14T07:07:07","slug":"weak-aside-forward-into-darkness-cd","status":"publish","type":"product","link":"https:\/\/eshop.obscene.cz\/en\/product\/weak-aside-forward-into-darkness-cd\/","title":{"rendered":"WEAK ASIDE &#8211; Forward Into Darkness CD"},"content":{"rendered":"","protected":false},"excerpt":{"rendered":"<p>Po t\u0159ech letech ml\u010den\u00ed a zm\u011bn\u011b na postu kytaristy jsou WEAK ASIDE zp\u011bt se t\u0159et\u00edm albem. Op\u011bt death metalov\u00e1 hymnick\u00e1 pecka u FDA Records!!!<\/p>\n<p>Track listing:<\/p>\n<p>01. Submerge<br \/>02. Until You Died<br \/>03. Royal Blood Dethroned<br \/>04. Were All Condemned<br \/>05. Contact<br \/>06. Violence<br \/>07. In The Deep There Is No God<br \/>08. Face Down<br \/>09. Poison Gas<br \/>10. The End<\/p>\n<p>&#8216;<\/p>\n","protected":false},"featured_media":12465,"comment_status":"closed","ping_status":"open","template":"","meta":{"_uag_custom_page_level_css":"","site-sidebar-layout":"default","site-content-layout":"default","ast-global-header-display":"","ast-banner-title-visibility":"","ast-main-header-display":"","ast-hfb-above-header-display":"","ast-hfb-below-header-display":"","ast-hfb-mobile-header-display":"","site-post-title":"","ast-breadcrumbs-content":"","ast-featured-img":"","footer-sml-layout":"","theme-transparent-header-meta":"","adv-header-id-meta":"","stick-header-meta":"","header-above-stick-meta":"","header-main-stick-meta":"","header-below-stick-meta":""},"product_cat":[76],"product_tag":[],"class_list":["post-22392","product","type-product","status-publish","has-post-thumbnail","hentry","product_cat-cd-en","pa_kapela-weak-aside-en","pa_model-cd-en","pa_zanr-death-metal-2","desktop-align-center","tablet-align-center","mobile-align-center"],"uagb_featured_image_src":{"full":["https:\/\/eshop.obscene.cz\/wp-content\/uploads\/2018\/10\/eshop_zbozi_75124.jpg",1200,1200,false],"thumbnail":["https:\/\/eshop.obscene.cz\/wp-content\/uploads\/2018\/10\/eshop_zbozi_75124-150x150.jpg",150,150,true],"medium":["https:\/\/eshop.obscene.cz\/wp-content\/uploads\/2018\/10\/eshop_zbozi_75124-300x300.jpg",300,300,true],"medium_large":["https:\/\/eshop.obscene.cz\/wp-content\/uploads\/2018\/10\/eshop_zbozi_75124-768x768.jpg",768,768,true],"large":["https:\/\/eshop.obscene.cz\/wp-content\/uploads\/2018\/10\/eshop_zbozi_75124-1024x1024.jpg",1024,1024,true],"1536x1536":["https:\/\/eshop.obscene.cz\/wp-content\/uploads\/2018\/10\/eshop_zbozi_75124.jpg",1200,1200,false],"2048x2048":["https:\/\/eshop.obscene.cz\/wp-content\/uploads\/2018\/10\/eshop_zbozi_75124.jpg",1200,1200,false],"woocommerce_thumbnail":["https:\/\/eshop.obscene.cz\/wp-content\/uploads\/2018\/10\/eshop_zbozi_75124-300x300.jpg",300,300,true],"woocommerce_single":["https:\/\/eshop.obscene.cz\/wp-content\/uploads\/2018\/10\/eshop_zbozi_75124-600x600.jpg",600,600,true],"woocommerce_gallery_thumbnail":["https:\/\/eshop.obscene.cz\/wp-content\/uploads\/2018\/10\/eshop_zbozi_75124-100x100.jpg",100,100,true]},"uagb_author_info":{"display_name":"bsroot","author_link":"https:\/\/eshop.obscene.cz\/en\/author\/"},"uagb_comment_info":0,"uagb_excerpt":"Po t\u0159ech letech ml\u010den\u00ed a zm\u011bn\u011b na postu kytaristy jsou WEAK ASIDE zp\u011bt se t\u0159et\u00edm albem. Op\u011bt death metalov\u00e1 hymnick\u00e1 pecka u FDA Records!!!Track listing:01. Submerge02. Until You Died03. Royal Blood Dethroned04. Were All Condemned05. Contact06. Violence07. In The Deep There Is No God08. Face Down09. Poison Gas10. The End'","_links":{"self":[{"href":"https:\/\/eshop.obscene.cz\/en\/wp-json\/wp\/v2\/product\/22392"}],"collection":[{"href":"https:\/\/eshop.obscene.cz\/en\/wp-json\/wp\/v2\/product"}],"about":[{"href":"https:\/\/eshop.obscene.cz\/en\/wp-json\/wp\/v2\/types\/product"}],"replies":[{"embeddable":true,"href":"https:\/\/eshop.obscene.cz\/en\/wp-json\/wp\/v2\/comments?post=22392"}],"wp:featuredmedia":[{"embeddable":true,"href":"https:\/\/eshop.obscene.cz\/en\/wp-json\/wp\/v2\/media\/12465"}],"wp:attachment":[{"href":"https:\/\/eshop.obscene.cz\/en\/wp-json\/wp\/v2\/media?parent=22392"}],"wp:term":[{"taxonomy":"product_cat","embeddable":true,"href":"https:\/\/eshop.obscene.cz\/en\/wp-json\/wp\/v2\/product_cat?post=22392"},{"taxonomy":"product_tag","embeddable":true,"href":"https:\/\/eshop.obscene.cz\/en\/wp-json\/wp\/v2\/product_tag?post=22392"}],"curies":[{"name":"wp","href":"https:\/\/api.w.org\/{rel}","templated":true}]}}