{"id":18819,"date":"2006-09-24T13:49:00","date_gmt":"2006-09-24T11:49:00","guid":{"rendered":"https:\/\/o.vasdemoweb.cz\/produkt\/anime-sky-above-the-wires-cd\/"},"modified":"2023-05-09T21:41:12","modified_gmt":"2023-05-09T19:41:12","slug":"anime-sky-above-the-wires-cd","status":"publish","type":"product","link":"https:\/\/eshop.obscene.cz\/en\/product\/anime-sky-above-the-wires-cd\/","title":{"rendered":"ANIME &#8211; Sky Above the Wires CD"},"content":{"rendered":"","protected":false},"excerpt":{"rendered":"<p>What is it about? Three excellent musicians, three conservatoire students. Welcome to the young Czech band made of mature musicians producing their art-emo-rock music &#8211; ANIM\u00c9 and their debut album &#8220;Sky Above the Wires&#8221;. The frontman is nobody else than Ji\u0159\u00ed Ku\u010derovsk\u00fd known for his great guitar playin in FORGOTTEN SILENCE. Their albums consist of modern sounding songs with roots in 70&#8217;s and together with J.K.&#8217;s vocals may remind bands like Anathema, Placebo or Muse. Add optimism and positive way of thinking, and the result is &#8211; ANIM\u00c9. Don&#8217;t you believe? Make sure yourself and do listen to ANIM\u00c9 albums\u2026<\/p>\n<p>&#8216;<\/p>\n","protected":false},"featured_media":1624,"comment_status":"closed","ping_status":"open","template":"","meta":{"_uag_custom_page_level_css":"","site-sidebar-layout":"default","site-content-layout":"default","ast-global-header-display":"","ast-banner-title-visibility":"","ast-main-header-display":"","ast-hfb-above-header-display":"","ast-hfb-below-header-display":"","ast-hfb-mobile-header-display":"","site-post-title":"","ast-breadcrumbs-content":"","ast-featured-img":"","footer-sml-layout":"","theme-transparent-header-meta":"","adv-header-id-meta":"","stick-header-meta":"","header-above-stick-meta":"","header-main-stick-meta":"","header-below-stick-meta":""},"product_cat":[76],"product_tag":[],"class_list":["post-18819","product","type-product","status-publish","has-post-thumbnail","hentry","product_cat-cd-en","pa_kapela-anime-en","pa_model-cd-en","pa_zanr-experimental-2","desktop-align-center","tablet-align-center","mobile-align-center"],"uagb_featured_image_src":{"full":["https:\/\/eshop.obscene.cz\/wp-content\/uploads\/2006\/09\/eshop_zbozi_70956.jpg",170,170,false],"thumbnail":["https:\/\/eshop.obscene.cz\/wp-content\/uploads\/2006\/09\/eshop_zbozi_70956-150x150.jpg",150,150,true],"medium":["https:\/\/eshop.obscene.cz\/wp-content\/uploads\/2006\/09\/eshop_zbozi_70956.jpg",170,170,false],"medium_large":["https:\/\/eshop.obscene.cz\/wp-content\/uploads\/2006\/09\/eshop_zbozi_70956.jpg",170,170,false],"large":["https:\/\/eshop.obscene.cz\/wp-content\/uploads\/2006\/09\/eshop_zbozi_70956.jpg",170,170,false],"1536x1536":["https:\/\/eshop.obscene.cz\/wp-content\/uploads\/2006\/09\/eshop_zbozi_70956.jpg",170,170,false],"2048x2048":["https:\/\/eshop.obscene.cz\/wp-content\/uploads\/2006\/09\/eshop_zbozi_70956.jpg",170,170,false],"woocommerce_thumbnail":["https:\/\/eshop.obscene.cz\/wp-content\/uploads\/2006\/09\/eshop_zbozi_70956.jpg",170,170,false],"woocommerce_single":["https:\/\/eshop.obscene.cz\/wp-content\/uploads\/2006\/09\/eshop_zbozi_70956.jpg",170,170,false],"woocommerce_gallery_thumbnail":["https:\/\/eshop.obscene.cz\/wp-content\/uploads\/2006\/09\/eshop_zbozi_70956-100x100.jpg",100,100,true]},"uagb_author_info":{"display_name":"bsroot","author_link":"https:\/\/eshop.obscene.cz\/en\/author\/"},"uagb_comment_info":0,"uagb_excerpt":"What is it about? Three excellent musicians, three conservatoire students. Welcome to the young Czech band made of mature musicians producing their art-emo-rock music - ANIM\u00c9 and their debut album \"Sky Above the Wires\". The frontman is nobody else than Ji\u0159\u00ed Ku\u010derovsk\u00fd known for his great guitar playin in FORGOTTEN SILENCE. Their albums consist of&hellip;","_links":{"self":[{"href":"https:\/\/eshop.obscene.cz\/en\/wp-json\/wp\/v2\/product\/18819"}],"collection":[{"href":"https:\/\/eshop.obscene.cz\/en\/wp-json\/wp\/v2\/product"}],"about":[{"href":"https:\/\/eshop.obscene.cz\/en\/wp-json\/wp\/v2\/types\/product"}],"replies":[{"embeddable":true,"href":"https:\/\/eshop.obscene.cz\/en\/wp-json\/wp\/v2\/comments?post=18819"}],"wp:featuredmedia":[{"embeddable":true,"href":"https:\/\/eshop.obscene.cz\/en\/wp-json\/wp\/v2\/media\/1624"}],"wp:attachment":[{"href":"https:\/\/eshop.obscene.cz\/en\/wp-json\/wp\/v2\/media?parent=18819"}],"wp:term":[{"taxonomy":"product_cat","embeddable":true,"href":"https:\/\/eshop.obscene.cz\/en\/wp-json\/wp\/v2\/product_cat?post=18819"},{"taxonomy":"product_tag","embeddable":true,"href":"https:\/\/eshop.obscene.cz\/en\/wp-json\/wp\/v2\/product_tag?post=18819"}],"curies":[{"name":"wp","href":"https:\/\/api.w.org\/{rel}","templated":true}]}}