{"id":18441,"date":"2006-09-01T18:21:00","date_gmt":"2006-09-01T16:21:00","guid":{"rendered":"https:\/\/o.vasdemoweb.cz\/produkt\/obscene-extreme-2005-cd\/"},"modified":"2026-04-03T19:50:36","modified_gmt":"2026-04-03T17:50:36","slug":"obscene-extreme-2005-cd","status":"publish","type":"product","link":"https:\/\/eshop.obscene.cz\/en\/product\/obscene-extreme-2005-cd\/","title":{"rendered":"OBSCENE EXTREME 2005 CD"},"content":{"rendered":"","protected":false},"excerpt":{"rendered":"<p>Classical extreme compilation with unreleased songs of BLOOD DUSTER, HAEMORRHAGE, YACOEPSAE, REGURGITATE, LOOKING FOR AN ANSWER, HOLOCAUSTO CANIBAL and the best songs of AVULSED, ISACAARUM, INGROWING, SCREAMIN DAEMON, STOMA, DEAD, KRONOS, INFERIA, EXHALE, CAEDERE, NEEDFUL THINGS and many others!!!<\/p>\n<p>\u00a0<\/p>\n<p>\u00a0<\/p>\n<p>\u00a0<\/p>\n<p>01. BLOOD DUSTER &#8220;Looking Forward To A Long Toxic Death&#8221; unreleased<br > 02. HAEMORRHAGE &#8220;Disgorging Innards&#8221; unreleased<br > 03. DEATH REALITY &#8220;Bloodprints\u201c<br > 04. REGURGITATE &#8220;Bonesplicer&#8221;<br > 05. REGURGITATE &#8221; Bodily Dismemberment&#8221; unreleased<br > 06. AVULSED \u201cGorespattered Suicide\u201c<br > 07. ISACAARUM \u201cButtsuck\u201d<br > 08. INGROWING &#8220;Blind Light&#8221;<br > 09. SCREAMIN&#8217; DAEMON \u201eKill Your Family (Then Yourself)\u201c<br > 10. YACOPSAE \u201cVernichtung\u201d unreleased<br > 11. MALIGNANT TUMOUR &#8220;Clearance Of Century\u201c<br > 12 . DEAD &#8220;Thrusted To The Limit Of All Delights&#8221;<br > 13. STOMA &#8220;Old Hags In Body Bags&#8221;<br > 14. LOOKING FOR AN ANSWER \u201eCuraci\u00f3n Contra Lucro\u201c<br > 15. LOOKING FOR AN ANSWER \u201eConocimiento Implica Responsabilidad\u201c<br > 16. KRONOS &#8220;Haterealm&#8221;<br > 17. HOLOCAUSTO CANIBAL&#8221;Vulva Rasgada&#8221; unreleased<br > 18. INFERIA \u201c Cum Eye\u201c<br > 19. MALKAVIAN &#8220;Nerdolokaust&#8221;<br > 20 . MALKAVIAN &#8220;Sunburnt&#8221;<br > 21. MALKAVIAN \u201cCannibal Otter&#8221;<br > 22. DISFIGURED CORPSE \u201cLast Laught\u201d<br > 23. DISFIGURED CORPSE \u201cAs We Fall Down\u201d<br > 24. NEEDFUL THINGS \u201cControlled Madness\u201d unreleased<br > 25. C.M.P. \u201cCannibalistic Fantasies Combined With Sadomasochistic Practices\u201d<br > 26. C.O.S. &#8220;C.D.M.&#8221;<br > 27. C.O.S. &#8220;Catholic&#8221;<br > 28. C.O.S. &#8220;Justice&#8221;<br > 29. C .O.S. &#8220;Open Your Ears&#8221;<br > 30. PLASTIC GRAVE &#8220;There Must Be War&#8221;<br > 31. DEFLORACE &#8220;I Want To Kill&#8221;<br > 32. CAEDERE &#8220;Close To Decomposing&#8221;<br > 33. ONANIZER &#8220;About Love&#8221; pul stranky<br > 34. PROFESOR LEFEBVRE &#8220;Um\u00edraj\u00edc\u00ed Nevinnost&#8221;<br > 35. PATOLOGICUM &#8220;Continence In Killing&#8221;<br > 36. EXHALE \u201cThujou\u201d<br > 37. EXHALE \u201cIn And Out, To Screw Up\u201d<\/p>\n<p>&#8216;<\/p>\n","protected":false},"featured_media":490,"comment_status":"closed","ping_status":"open","template":"","meta":{"_uag_custom_page_level_css":"","site-sidebar-layout":"default","site-content-layout":"default","ast-global-header-display":"","ast-banner-title-visibility":"","ast-main-header-display":"","ast-hfb-above-header-display":"","ast-hfb-below-header-display":"","ast-hfb-mobile-header-display":"","site-post-title":"","ast-breadcrumbs-content":"","ast-featured-img":"","footer-sml-layout":"","theme-transparent-header-meta":"","adv-header-id-meta":"","stick-header-meta":"","header-above-stick-meta":"","header-main-stick-meta":"","header-below-stick-meta":""},"product_cat":[76,85],"product_tag":[6348],"class_list":["post-18441","product","type-product","status-publish","has-post-thumbnail","hentry","product_cat-cd-en","product_cat-obscene-records-en","product_tag-obscene-records-en","pa_kapela-obscene-extreme-2005-en","pa_model-cd-en","pa_zanr-grindcore-2","desktop-align-center","tablet-align-center","mobile-align-center"],"uagb_featured_image_src":{"full":["https:\/\/eshop.obscene.cz\/wp-content\/uploads\/2006\/09\/eshop_zbozi_70523.gif",300,298,false],"thumbnail":["https:\/\/eshop.obscene.cz\/wp-content\/uploads\/2006\/09\/eshop_zbozi_70523-150x150.gif",150,150,true],"medium":["https:\/\/eshop.obscene.cz\/wp-content\/uploads\/2006\/09\/eshop_zbozi_70523.gif",300,298,false],"medium_large":["https:\/\/eshop.obscene.cz\/wp-content\/uploads\/2006\/09\/eshop_zbozi_70523.gif",300,298,false],"large":["https:\/\/eshop.obscene.cz\/wp-content\/uploads\/2006\/09\/eshop_zbozi_70523.gif",300,298,false],"1536x1536":["https:\/\/eshop.obscene.cz\/wp-content\/uploads\/2006\/09\/eshop_zbozi_70523.gif",300,298,false],"2048x2048":["https:\/\/eshop.obscene.cz\/wp-content\/uploads\/2006\/09\/eshop_zbozi_70523.gif",300,298,false],"woocommerce_thumbnail":["https:\/\/eshop.obscene.cz\/wp-content\/uploads\/2006\/09\/eshop_zbozi_70523.gif",300,298,false],"woocommerce_single":["https:\/\/eshop.obscene.cz\/wp-content\/uploads\/2006\/09\/eshop_zbozi_70523.gif",300,298,false],"woocommerce_gallery_thumbnail":["https:\/\/eshop.obscene.cz\/wp-content\/uploads\/2006\/09\/eshop_zbozi_70523-100x100.gif",100,100,true]},"uagb_author_info":{"display_name":"bsroot","author_link":"https:\/\/eshop.obscene.cz\/en\/author\/"},"uagb_comment_info":0,"uagb_excerpt":"Classical extreme compilation with unreleased songs of BLOOD DUSTER, HAEMORRHAGE, YACOEPSAE, REGURGITATE, LOOKING FOR AN ANSWER, HOLOCAUSTO CANIBAL and the best songs of AVULSED, ISACAARUM, INGROWING, SCREAMIN DAEMON, STOMA, DEAD, KRONOS, INFERIA, EXHALE, CAEDERE, NEEDFUL THINGS and many others!!!\u00a0\u00a0\u00a001. BLOOD DUSTER \"Looking Forward To A Long Toxic Death\" unreleased 02. HAEMORRHAGE \"Disgorging Innards\" unreleased 03.&hellip;","_links":{"self":[{"href":"https:\/\/eshop.obscene.cz\/en\/wp-json\/wp\/v2\/product\/18441"}],"collection":[{"href":"https:\/\/eshop.obscene.cz\/en\/wp-json\/wp\/v2\/product"}],"about":[{"href":"https:\/\/eshop.obscene.cz\/en\/wp-json\/wp\/v2\/types\/product"}],"replies":[{"embeddable":true,"href":"https:\/\/eshop.obscene.cz\/en\/wp-json\/wp\/v2\/comments?post=18441"}],"wp:featuredmedia":[{"embeddable":true,"href":"https:\/\/eshop.obscene.cz\/en\/wp-json\/wp\/v2\/media\/490"}],"wp:attachment":[{"href":"https:\/\/eshop.obscene.cz\/en\/wp-json\/wp\/v2\/media?parent=18441"}],"wp:term":[{"taxonomy":"product_cat","embeddable":true,"href":"https:\/\/eshop.obscene.cz\/en\/wp-json\/wp\/v2\/product_cat?post=18441"},{"taxonomy":"product_tag","embeddable":true,"href":"https:\/\/eshop.obscene.cz\/en\/wp-json\/wp\/v2\/product_tag?post=18441"}],"curies":[{"name":"wp","href":"https:\/\/api.w.org\/{rel}","templated":true}]}}